{"id":10369,"date":"2024-11-25T16:34:29","date_gmt":"2024-11-25T15:34:29","guid":{"rendered":"https:\/\/digi-web.hu\/takaritas\/fooldal\/"},"modified":"2024-12-27T23:39:56","modified_gmt":"2024-12-27T22:39:56","slug":"fooldal","status":"publish","type":"page","link":"https:\/\/digi-web.hu\/takaritas\/","title":{"rendered":"F\u0151oldal"},"content":{"rendered":"\n<div class=\"wp-block-group alignfull hostinger-ai-fade-up has-color-2-background-color has-background has-global-padding is-layout-constrained wp-block-group-is-layout-constrained\" data-aos=\"fade-up\">\n<div class=\"wp-block-group alignwide hostinger-ai-fade-up is-layout-flow wp-block-group-is-layout-flow\" data-aos=\"fade-up\" style=\"padding-top:var(--wp--preset--spacing--60);padding-bottom:var(--wp--preset--spacing--60)\">\n<h1 class=\"wp-block-heading has-text-align-center hostinger-ai-title has-light-color has-text-color has-link-color has-xx-large-font-size wp-elements-88f4a108455cc11b820835d1c20373f0\" style=\"margin-top:0;margin-right:0;margin-bottom:0;margin-left:0\">Takar\u00edt\u00e1s tesztweboldal<\/h1>\n\n\n\n<p class=\"has-text-align-center hostinger-ai-description has-light-color has-text-color has-link-color has-medium-font-size wp-elements-bc7e6633f28798563344120eae63b6e1\" style=\"margin-top:0;margin-bottom:var(--wp--preset--spacing--50)\">Professzion\u00e1lis takar\u00edt\u00e1s, megb\u00edzhat\u00f3 munkarend \u00e9s hat\u00e9kony beoszt\u00e1sok.<\/p>\n\n\n\n<div class=\"wp-block-buttons is-content-justification-center is-layout-flex wp-container-core-buttons-is-layout-78108f9f wp-block-buttons-is-layout-flex\" style=\"margin-bottom:var(--wp--preset--spacing--60)\">\n<div class=\"wp-block-button has-custom-font-size hostinger-ai-cta-button hostinger-index-0 has-medium-font-size\"><a class=\"wp-block-button__link has-color-2-color has-color-1-background-color has-text-color has-background has-link-color has-border-color has-color-1-border-color wp-element-button\" href=\"https:\/\/digi-web.hu\/takaritas\/kapcsolat\/\" style=\"padding-top:var(--wp--preset--spacing--30);padding-right:var(--wp--preset--spacing--70);padding-bottom:var(--wp--preset--spacing--30);padding-left:var(--wp--preset--spacing--70)\">Kapcsolatfelv\u00e9tel<\/a><\/div>\n<\/div>\n\n\n\n<figure class=\"wp-block-image size-full has-custom-border hostinger-ai-image hostinger-index-1\"><img decoding=\"async\" src=\"https:\/\/images.unsplash.com\/photo-1676091108102-a0477d3feabe?crop=entropy&amp;cs=srgb&amp;fm=jpg&amp;ixid=M3w0NTI1Mzl8MHwxfHNlYXJjaHwxfHxjbGVhbmluZyUyMHNlcnZpY2VzfGVufDB8fHx8MTczMjQ4ODgzNnww&amp;ixlib=rb-4.0.3&amp;q=85&amp;w=1100&amp;h=450&amp;fit=crop\" alt=\"\" class=\"wp-image-424\" style=\"border-radius:8px\"\/><\/figure>\n<\/div>\n<\/div>\n\n\n\n<div class=\"wp-block-group alignfull hostinger-ai-about-us-2 hostinger-ai-fade-up has-global-padding is-layout-constrained wp-block-group-is-layout-constrained\" data-aos=\"fade-up\">\n<div class=\"wp-block-group alignwide hostinger-ai-fade-up is-layout-grid wp-container-core-group-is-layout-422a8eaf wp-block-group-is-layout-grid\" data-aos=\"fade-up\" style=\"padding-top:var(--wp--preset--spacing--60);padding-right:0;padding-bottom:var(--wp--preset--spacing--60);padding-left:0\">\n<div class=\"wp-block-group hostinger-ai-fade-up has-global-padding is-layout-constrained wp-block-group-is-layout-constrained\" data-aos=\"fade-up\">\n<figure class=\"wp-block-image size-full has-custom-border hostinger-ai-image hostinger-index-1\"><img decoding=\"async\" src=\"https:\/\/images.unsplash.com\/photo-1679161837515-aa234d3a1fff?crop=entropy&amp;cs=srgb&amp;fm=jpg&amp;ixid=M3w0NTI1Mzl8MHwxfHNlYXJjaHwyfHxjbGVhbmluZyUyMHNlcnZpY2VzfGVufDB8fHx8MTczMjQ4ODgzNnww&amp;ixlib=rb-4.0.3&amp;q=85&amp;w=584&amp;h=438&amp;fit=crop\" alt=\"\" class=\"wp-image-18\" style=\"border-radius:8px\"\/><\/figure>\n<\/div>\n\n\n\n<div class=\"wp-block-group hostinger-ai-fade-up wp-container-content-5e2576f9 is-vertical is-content-justification-left is-nowrap is-layout-flex wp-container-core-group-is-layout-cb02dbd6 wp-block-group-is-layout-flex\" data-aos=\"fade-up\" style=\"padding-right:var(--wp--preset--spacing--60);padding-left:var(--wp--preset--spacing--60)\">\n<h2 class=\"wp-block-heading hostinger-ai-title has-dark-color has-text-color has-link-color has-x-large-font-size wp-elements-6de40b2da7f1c62cbbb302353182fee4\" style=\"margin-top:0;margin-right:0;margin-bottom:0;margin-left:0;padding-bottom:var(--wp--preset--spacing--20)\">Takar\u00edt\u00e1si Szolg\u00e1ltat\u00f3knak<\/h2>\n\n\n\n<p class=\"hostinger-ai-description has-dark-color has-text-color has-link-color has-medium-font-size wp-elements-2b86438c75ac8ec93f2a8197fd555cc1\" style=\"margin-top:0;margin-bottom:var(--wp--preset--spacing--50)\">C\u00e9g\u00fcnk, a Central Cleaning megb\u00edz\u00e1s\u00e1b\u0151l k\u00e9sz\u00edtette ezt a teszt weboldalt. <br>Tov\u00e1bb\u00e1 tesztel\u00e9sre ker\u00fcl a munkarend \u00e9s a beoszt\u00e1sok k\u00e9sz\u00edt\u00e9se, a dolgoz\u00f3k vez\u00e9nyl\u00e9se \u00e9s az ellen\u0151rz\u00e9se, ezek megjelen\u00edthet\u0151s\u00e9ge.<\/p>\n\n\n\n<div class=\"wp-block-buttons is-layout-flex wp-block-buttons-is-layout-flex\">\n<div class=\"wp-block-button has-custom-font-size hostinger-ai-cta-button hostinger-index-0 has-medium-font-size\"><a class=\"wp-block-button__link has-dark-color has-text-color has-link-color has-border-color has-dark-border-color wp-element-button\" style=\"padding-top:var(--wp--preset--spacing--30);padding-right:var(--wp--preset--spacing--70);padding-bottom:var(--wp--preset--spacing--30);padding-left:var(--wp--preset--spacing--70)\">Kapcsolatfelv\u00e9tel<\/a><\/div>\n<\/div>\n<\/div>\n<\/div>\n<\/div>\n\n\n\n<div class=\"wp-block-group alignfull hostinger-ai-our-services-2 hostinger-ai-fade-up has-color-2-background-color has-background has-global-padding is-layout-constrained wp-block-group-is-layout-constrained\" data-aos=\"fade-up\" style=\"margin-bottom:0;padding-top:var(--wp--preset--spacing--60);padding-bottom:var(--wp--preset--spacing--60)\">\n<div class=\"wp-block-group alignwide hostinger-ai-fade-up has-global-padding is-content-justification-left is-layout-constrained wp-container-core-group-is-layout-12dd3699 wp-block-group-is-layout-constrained\" data-aos=\"fade-up\">\n<h2 class=\"wp-block-heading is-style-default hostinger-ai-title has-light-color has-text-color has-link-color has-x-large-font-size wp-elements-dc5be5d082d82728fde0e9ae1a9aa946\" style=\"margin-bottom:var(--wp--preset--spacing--50)\">Takar\u00edt\u00e1si Szolg\u00e1ltat\u00f3k r\u00e9sz\u00e9re<\/h2>\n\n\n\n<div class=\"wp-block-group alignwide hostinger-ai-fade-up is-layout-grid wp-container-core-group-is-layout-88c98fc8 wp-block-group-is-layout-grid\" data-aos=\"fade-up\">\n<div class=\"wp-block-group hostinger-ai-fade-up has-global-padding is-layout-constrained wp-container-core-group-is-layout-29a8626f wp-block-group-is-layout-constrained\" data-aos=\"fade-up\" style=\"padding-top:0;padding-right:var(--wp--preset--spacing--20);padding-bottom:0;padding-left:var(--wp--preset--spacing--20)\">\n<figure class=\"wp-block-image size-full has-custom-border hostinger-ai-service-image\"><img decoding=\"async\" src=\"https:\/\/images.unsplash.com\/photo-1679161976934-9e6fcf0758a4?crop=entropy&amp;cs=srgb&amp;fm=jpg&amp;ixid=M3w0NTI1Mzl8MHwxfHNlYXJjaHwzfHxjbGVhbmluZyUyMHNlcnZpY2VzfGVufDB8fHx8MTczMjQ4ODgzNnww&amp;ixlib=rb-4.0.3&amp;q=85&amp;w=340&amp;h=340&amp;fit=crop\" alt=\"\" class=\"wp-image-160\" style=\"border-radius:8px\"\/><\/figure>\n\n\n\n<p class=\"hostinger-ai-service-description has-light-color has-text-color has-link-color has-medium-font-size wp-elements-d6b51ddec81a92d254794854e44893fa\" style=\"margin-top:var(--wp--preset--spacing--40)\">Professzion\u00e1lis takar\u00edt\u00e1s, munkarend \u00e9s beoszt\u00e1s k\u00e9sz\u00edt\u00e9se a legmagasabb sz\u00ednvonalon.<\/p>\n<\/div>\n\n\n\n<div class=\"wp-block-group hostinger-ai-fade-up has-global-padding is-layout-constrained wp-container-core-group-is-layout-c9115f92 wp-block-group-is-layout-constrained\" data-aos=\"fade-up\" style=\"padding-right:var(--wp--preset--spacing--20);padding-left:var(--wp--preset--spacing--20)\">\n<figure class=\"wp-block-image size-full has-custom-border hostinger-ai-service-image hostinger-index-1\"><img decoding=\"async\" src=\"https:\/\/images.unsplash.com\/photo-1676091108009-d3ea5771d7bc?crop=entropy&amp;cs=srgb&amp;fm=jpg&amp;ixid=M3w0NTI1Mzl8MHwxfHNlYXJjaHw0fHxjbGVhbmluZyUyMHNlcnZpY2VzfGVufDB8fHx8MTczMjQ4ODgzNnww&amp;ixlib=rb-4.0.3&amp;q=85&amp;w=340&amp;h=340&amp;fit=crop\" alt=\"\" class=\"wp-image-160\" style=\"border-radius:8px\"\/><\/figure>\n\n\n\n<p class=\"hostinger-ai-service-description hostinger-index-1 has-light-color has-text-color has-link-color has-medium-font-size wp-elements-bd94997cac99565c2c7f12678f2f9235\" style=\"margin-top:var(--wp--preset--spacing--40)\">Dolgoz\u00f3k vez\u00e9nyl\u00e9se \u00e9s ellen\u0151rz\u00e9se, hogy minden feladat id\u0151ben \u00e9s prec\u00edzen teljes\u00fclj\u00f6n.<\/p>\n<\/div>\n\n\n\n<div class=\"wp-block-group hostinger-ai-fade-up has-global-padding is-layout-constrained wp-container-core-group-is-layout-c9115f92 wp-block-group-is-layout-constrained\" data-aos=\"fade-up\" style=\"padding-right:var(--wp--preset--spacing--20);padding-left:var(--wp--preset--spacing--20)\">\n<figure class=\"wp-block-image size-full has-custom-border hostinger-ai-service-image hostinger-index-2\"><img decoding=\"async\" src=\"https:\/\/images.unsplash.com\/photo-1679162073191-b8c197146e92?crop=entropy&amp;cs=srgb&amp;fm=jpg&amp;ixid=M3w0NTI1Mzl8MHwxfHNlYXJjaHw1fHxjbGVhbmluZyUyMHNlcnZpY2VzfGVufDB8fHx8MTczMjQ4ODgzNnww&amp;ixlib=rb-4.0.3&amp;q=85&amp;w=340&amp;h=340&amp;fit=crop\" alt=\"\" class=\"wp-image-160\" style=\"border-radius:8px\"\/><\/figure>\n\n\n\n<p class=\"hostinger-ai-service-description hostinger-index-2 has-light-color has-text-color has-link-color has-medium-font-size wp-elements-cee49bbf659655ec7be83701691bf43c\" style=\"margin-top:var(--wp--preset--spacing--40)\">R\u00e9szletes feladatle\u00edr\u00e1sok kidolgoz\u00e1sa, hogy a takar\u00edt\u00e1s minden aspektusa \u00e1tl\u00e1that\u00f3 legyen.<\/p>\n<\/div>\n<\/div>\n<\/div>\n<\/div>\n\n\n\n<div class=\"wp-block-group alignfull hostinger-ai-solid-block hostinger-ai-fade-up has-color-1-background-color has-background has-global-padding is-layout-constrained wp-block-group-is-layout-constrained\" data-aos=\"fade-up\" style=\"padding-top:var(--wp--preset--spacing--60);padding-bottom:var(--wp--preset--spacing--60)\">\n<div class=\"wp-block-group alignwide hostinger-ai-fade-up is-vertical is-content-justification-center is-nowrap is-layout-flex wp-container-core-group-is-layout-4cc6ee0a wp-block-group-is-layout-flex\" data-aos=\"fade-up\" style=\"min-height:0px;padding-top:0;padding-bottom:0\">\n<div class=\"wp-block-group hostinger-ai-fade-up wp-container-content-69bc4bdf has-global-padding is-content-justification-center is-layout-constrained wp-container-core-group-is-layout-78267832 wp-block-group-is-layout-constrained\" data-aos=\"fade-up\">\n<h2 class=\"wp-block-heading has-text-align-center hostinger-ai-title has-dark-color has-text-color has-link-color has-x-large-font-size wp-elements-b3090dc05102c55f4c051903859768e9\" style=\"margin-top:0;margin-right:0;margin-bottom:0;margin-left:0\">Takar\u00edt\u00e1si Szolg\u00e1ltat\u00f3k r\u00e9sz\u00e9re<\/h2>\n\n\n\n<p class=\"has-text-align-center hostinger-ai-description has-dark-color has-text-color has-link-color has-medium-font-size wp-elements-0d5a9753fd56fd0580c59acf5c697be5\" style=\"margin-top:var(--wp--preset--spacing--20);margin-bottom:var(--wp--preset--spacing--50)\">Professzion\u00e1lis takar\u00edt\u00e1si megold\u00e1sok, beoszt\u00e1sok \u00e9s munkarendek k\u00e9sz\u00edt\u00e9se. B\u00edzza r\u00e1nk a tisztas\u00e1got \u00e9s a szervez\u00e9st!<\/p>\n\n\n\n<div class=\"wp-block-buttons is-content-justification-center is-layout-flex wp-container-core-buttons-is-layout-a89b3969 wp-block-buttons-is-layout-flex\">\n<div class=\"wp-block-button has-custom-font-size hostinger-ai-cta-button has-medium-font-size\"><a class=\"wp-block-button__link has-dark-color has-contrast-background-color has-text-color has-background has-link-color has-border-color has-dark-border-color wp-element-button\" style=\"padding-top:var(--wp--preset--spacing--30);padding-right:var(--wp--preset--spacing--70);padding-bottom:var(--wp--preset--spacing--30);padding-left:var(--wp--preset--spacing--70)\">Kapcsolat<\/a><\/div>\n<\/div>\n<\/div>\n<\/div>\n<\/div>\n\n\n\n<div class=\"wp-block-group alignfull hostinger-ai-customer-reviews-5 hostinger-ai-fade-up has-color-1-background-color has-background has-global-padding is-layout-constrained wp-block-group-is-layout-constrained\" data-aos=\"fade-up\">\n<div class=\"wp-block-group alignwide hostinger-ai-fade-up is-vertical is-content-justification-center is-nowrap is-layout-flex wp-container-core-group-is-layout-95764c33 wp-block-group-is-layout-flex\" data-aos=\"fade-up\" style=\"min-height:400px;padding-top:var(--wp--preset--spacing--40);padding-bottom:var(--wp--preset--spacing--40)\">\n<div class=\"wp-block-group hostinger-ai-fade-up wp-container-content-69bc4bdf is-layout-flow wp-container-core-group-is-layout-d6743c7d wp-block-group-is-layout-flow\" data-aos=\"fade-up\">\n<p class=\"has-text-align-center hostinger-ai-subtitle has-dark-color has-text-color has-link-color has-medium-font-size wp-elements-d8af18cc27f0d255f0a58d4dbb1c3c1f\" style=\"margin-top:0;margin-bottom:var(--wp--preset--spacing--20)\">Kiv\u00e1l\u00f3 Szolg\u00e1ltat\u00e1s<\/p>\n\n\n\n<p class=\"has-text-align-center hostinger-ai-testimonial-text hostinger-ai-font-bold hostinger-index-2 has-dark-color has-text-color has-link-color wp-elements-d1b017c5b1bd45135bf2f8ba485a7eb2\" style=\"margin-top:0;margin-bottom:var(--wp--preset--spacing--50);font-size:clamp(20px, 1.25rem + ((1vw - 3.2px) * 0.938), 32px);\">\u201dA Takar\u00edt\u00e1s Bupa csapata mindig pontos \u00e9s megb\u00edzhat\u00f3. A munkarend \u00e9s beoszt\u00e1sok prec\u00edzen k\u00e9sz\u00fclnek, ami megk\u00f6nny\u00edti a mindennapokat.\u201d<\/p>\n<\/div>\n<\/div>\n<\/div>\n","protected":false},"excerpt":{"rendered":"<p>Takar\u00edt\u00e1s tesztweboldal Professzion\u00e1lis takar\u00edt\u00e1s, megb\u00edzhat\u00f3 munkarend \u00e9s hat\u00e9kony beoszt\u00e1sok. Takar\u00edt\u00e1si Szolg\u00e1ltat\u00f3knak C\u00e9g\u00fcnk, a Central Cleaning megb\u00edz\u00e1s\u00e1b\u0151l k\u00e9sz\u00edtette ezt a teszt weboldalt. Tov\u00e1bb\u00e1 tesztel\u00e9sre ker\u00fcl a munkarend \u00e9s a beoszt\u00e1sok k\u00e9sz\u00edt\u00e9se, a dolgoz\u00f3k vez\u00e9nyl\u00e9se \u00e9s az ellen\u0151rz\u00e9se, ezek megjelen\u00edthet\u0151s\u00e9ge. Takar\u00edt\u00e1si Szolg\u00e1ltat\u00f3k r\u00e9sz\u00e9re Professzion\u00e1lis takar\u00edt\u00e1s, munkarend \u00e9s beoszt\u00e1s k\u00e9sz\u00edt\u00e9se a legmagasabb sz\u00ednvonalon. Dolgoz\u00f3k vez\u00e9nyl\u00e9se \u00e9s ellen\u0151rz\u00e9se, hogy [&hellip;]<\/p>\n","protected":false},"author":1,"featured_media":0,"parent":0,"menu_order":0,"comment_status":"closed","ping_status":"closed","template":"","meta":{"tpgb_global_settings":"","footnotes":""},"class_list":["post-10369","page","type-page","status-publish","hentry"],"tpgb_featured_images":null,"tpgb_post_meta_info":{"get_date":"2024.11.25.","get_modified_date":"2024.12.27.","author_name":"J\u00e1nos Csente","author_url":"https:\/\/digi-web.hu\/takaritas\/author\/foszerkeszto_001\/","author_email":"hikolug@gmail.com","author_website":"https:\/\/digi-web.hu\/takaritas","author_description":"\"The Boss\" - valaki szerint","author_facebook":"","author_twitter":"","author_instagram":"","author_role":["administrator"],"author_firstname":"J\u00e1nos","author_lastname":"Csente","user_login":"Foszerkeszto_001","author_avatar":"<img alt='' src='https:\/\/secure.gravatar.com\/avatar\/74e37bce125d3a02de81e09f54a6f933011c424610f14f9e0af9fe780acfcfba?s=200&#038;d=mm&#038;r=g' srcset='https:\/\/secure.gravatar.com\/avatar\/74e37bce125d3a02de81e09f54a6f933011c424610f14f9e0af9fe780acfcfba?s=400&#038;d=mm&#038;r=g 2x' class='avatar avatar-200 photo' height='200' width='200' loading='lazy' decoding='async'\/>","author_avatar_url":"https:\/\/secure.gravatar.com\/avatar\/74e37bce125d3a02de81e09f54a6f933011c424610f14f9e0af9fe780acfcfba?s=96&d=mm&r=g","comment_count":0,"post_likes":0,"post_views":0},"tpgb_post_category":[],"_links":{"self":[{"href":"https:\/\/digi-web.hu\/takaritas\/wp-json\/wp\/v2\/pages\/10369","targetHints":{"allow":["GET"]}}],"collection":[{"href":"https:\/\/digi-web.hu\/takaritas\/wp-json\/wp\/v2\/pages"}],"about":[{"href":"https:\/\/digi-web.hu\/takaritas\/wp-json\/wp\/v2\/types\/page"}],"author":[{"embeddable":true,"href":"https:\/\/digi-web.hu\/takaritas\/wp-json\/wp\/v2\/users\/1"}],"replies":[{"embeddable":true,"href":"https:\/\/digi-web.hu\/takaritas\/wp-json\/wp\/v2\/comments?post=10369"}],"version-history":[{"count":4,"href":"https:\/\/digi-web.hu\/takaritas\/wp-json\/wp\/v2\/pages\/10369\/revisions"}],"predecessor-version":[{"id":10558,"href":"https:\/\/digi-web.hu\/takaritas\/wp-json\/wp\/v2\/pages\/10369\/revisions\/10558"}],"wp:attachment":[{"href":"https:\/\/digi-web.hu\/takaritas\/wp-json\/wp\/v2\/media?parent=10369"}],"curies":[{"name":"wp","href":"https:\/\/api.w.org\/{rel}","templated":true}]}}